{"id":1879,"date":"2022-12-31T16:32:35","date_gmt":"2022-12-31T16:32:35","guid":{"rendered":"https:\/\/www.davidhotel.cz\/pokoj-22\/"},"modified":"2025-05-07T10:50:55","modified_gmt":"2025-05-07T10:50:55","slug":"pokoj-22","status":"publish","type":"page","link":"https:\/\/www.davidhotel.cz\/pl\/pokoj-22\/","title":{"rendered":"Pok\u00f3j 2+2"},"content":{"rendered":"<p>[et_pb_section fb_built=&#8221;1&#8243; bg_img_2=&#8221;https:\/\/www.davidhotel.cz\/wp-content\/uploads\/2021\/11\/resort-02.jpg&#8221; use_background_color_gradient_2=&#8221;off&#8221; background_color_gradient_start_2=&#8221;rgba(255,255,255,0.65)&#8221; background_color_gradient_end_2=&#8221;rgba(255,255,255,0)&#8221; background_color_gradient_direction_2=&#8221;105deg&#8221; background_color_gradient_start_position_2=&#8221;0%&#8221; background_color_gradient_end_position_2=&#8221;76%&#8221; background_color_gradient_overlays_image_2=&#8221;on&#8221; admin_label=&#8221;Header&#8221; _builder_version=&#8221;4.13.1&#8243; background_color_gradient_start=&#8221;rgba(255,255,255,0)&#8221; background_color_gradient_end=&#8221;rgba(211,154,57,0.25)&#8221; background_image=&#8221;https:\/\/www.davidhotel.cz\/wp-content\/uploads\/2023\/04\/Davidhotel.jpg&#8221; height=&#8221;380px&#8221; custom_padding=&#8221;|0px||0px|true|false&#8221; hover_enabled=&#8221;0&#8243; locked=&#8221;off&#8221; global_colors_info=&#8221;{}&#8221; title_text=&#8221;Woody,Landscape,Of,Giant,Mountains,,Czech:,Krkonose,,Czech,Republic.,Plesivec&#8221; sticky_enabled=&#8221;0&#8243;][\/et_pb_section][et_pb_section fb_built=&#8221;1&#8243; admin_label=&#8221;About&#8221; _builder_version=&#8221;4.13.1&#8243; background_color_gradient_start=&#8221;rgba(0,0,0,0)&#8221; background_color_gradient_end=&#8221;rgba(214,191,152,0.22)&#8221; background_color_gradient_direction=&#8221;90deg&#8221; custom_padding=&#8221;30px||30px||false|false&#8221; animation_style=&#8221;fade&#8221; animation_duration=&#8221;1300ms&#8221; locked=&#8221;off&#8221; global_colors_info=&#8221;{}&#8221;][et_pb_row column_structure=&#8221;1_3,2_3&#8243; _builder_version=&#8221;4.13.1&#8243; global_colors_info=&#8221;{}&#8221;][et_pb_column type=&#8221;1_3&#8243; _builder_version=&#8221;3.25&#8243; custom_padding=&#8221;|||&#8221; global_colors_info=&#8221;{}&#8221; custom_padding__hover=&#8221;|||&#8221;][et_pb_text _builder_version=&#8221;4.13.1&#8243; text_font_size=&#8221;15px&#8221; text_line_height=&#8221;2em&#8221; header_font=&#8221;|||on|||||&#8221; header_text_align=&#8221;center&#8221; header_text_color=&#8221;#554942&#8243; header_font_size=&#8221;40px&#8221; header_letter_spacing=&#8221;3px&#8221; header_line_height=&#8221;1.5em&#8221; header_2_font=&#8221;|700|||||||&#8221; header_2_text_color=&#8221;#B3A184&#8243; header_2_font_size=&#8221;25px&#8221; header_2_letter_spacing=&#8221;2px&#8221; header_2_line_height=&#8221;1.5em&#8221; text_orientation=&#8221;center&#8221; max_width=&#8221;80%&#8221; module_alignment=&#8221;center&#8221; locked=&#8221;off&#8221; inline_fonts=&#8221;Futura&#8221; global_colors_info=&#8221;{}&#8221;]<\/p>\n<h1 style=\"text-align: center;\"><span style=\"font-family: Futura;\">Pok\u00f3j 2+2<\/span><\/h1>\n<h2 style=\"text-align: center;\"><span> (2 \u0142\u00f3\u017cka + 2 dostawki)<\/span><\/h2>\n<p style=\"text-align: center;\">\u0141\u0105cznie mamy 5 pokoi tego typu<\/p>\n<p style=\"text-align: center;\">W\u0142asna \u0142azienka<br \/>Sejf<br \/>Wi-Fi<br \/>Balkon<br \/>Telewizja satelitarna<\/p>\n<p>[\/et_pb_text][\/et_pb_column][et_pb_column type=&#8221;2_3&#8243; _builder_version=&#8221;3.25&#8243; custom_padding=&#8221;|||&#8221; global_colors_info=&#8221;{}&#8221; custom_padding__hover=&#8221;|||&#8221;][et_pb_gallery gallery_ids=&#8221;288,287,289&#8243; fullwidth=&#8221;on&#8221; _builder_version=&#8221;4.13.1&#8243; _module_preset=&#8221;default&#8221; custom_margin=&#8221;|-200px|||false|false&#8221; auto=&#8221;on&#8221; auto_speed=&#8221;6000&#8243; global_colors_info=&#8221;{}&#8221;][\/et_pb_gallery][et_pb_button button_url=&#8221;https:\/\/www.davidhotel.cz\/pl\/rezerwacja-online\/&#8221; button_text=&#8221;CHC\u0118 ZAREZERWOWA\u0106 POK\u00d3J&#8221; button_alignment=&#8221;left&#8221; _builder_version=&#8221;4.13.1&#8243; _module_preset=&#8221;default&#8221; custom_button=&#8221;on&#8221; button_text_size=&#8221;16px&#8221; button_text_color=&#8221;#FFFFFF&#8221; button_bg_color=&#8221;#B3A184&#8243; button_border_width=&#8221;0px&#8221; button_border_radius=&#8221;0px&#8221; button_letter_spacing=&#8221;5px&#8221; button_font=&#8221;|700||on|||||&#8221; button_use_icon=&#8221;off&#8221; custom_margin=&#8221;||||false|false&#8221; custom_padding=&#8221;2%|2%|2%|2%|true|true&#8221; locked=&#8221;off&#8221; global_colors_info=&#8221;{}&#8221; button_bg_color__hover_enabled=&#8221;off|desktop&#8221; button_bg_color__hover=&#8221;#cebfa6&#8243; button_bg_enable_color__hover=&#8221;on&#8221;][\/et_pb_button][\/et_pb_column][\/et_pb_row][\/et_pb_section][et_pb_section fb_built=&#8221;1&#8243; admin_label=&#8221;Testimonial&#8221; _builder_version=&#8221;4.13.1&#8243; use_background_color_gradient=&#8221;on&#8221; background_color_gradient_start=&#8221;rgba(0,0,0,0)&#8221; background_color_gradient_end=&#8221;rgba(214,191,152,0.22)&#8221; background_color_gradient_direction=&#8221;90deg&#8221; background_color_gradient_start_position=&#8221;15%&#8221; background_color_gradient_end_position=&#8221;0%&#8221; custom_padding=&#8221;30px||30px||false|false&#8221; animation_style=&#8221;fade&#8221; animation_duration=&#8221;1300ms&#8221; locked=&#8221;off&#8221; global_colors_info=&#8221;{}&#8221;][et_pb_row _builder_version=&#8221;4.13.1&#8243; _module_preset=&#8221;default&#8221; global_colors_info=&#8221;{}&#8221;][et_pb_column type=&#8221;4_4&#8243; _builder_version=&#8221;4.13.1&#8243; _module_preset=&#8221;default&#8221; global_colors_info=&#8221;{}&#8221;][et_pb_text _builder_version=&#8221;4.13.1&#8243; text_font_size=&#8221;15px&#8221; text_line_height=&#8221;2em&#8221; header_font=&#8221;Futura|||on|||||&#8221; header_text_align=&#8221;center&#8221; header_text_color=&#8221;#554942&#8243; header_font_size=&#8221;40px&#8221; header_letter_spacing=&#8221;3px&#8221; header_line_height=&#8221;1.5em&#8221; header_2_font=&#8221;|700|||||||&#8221; header_2_text_color=&#8221;#B3A184&#8243; header_2_font_size=&#8221;30px&#8221; header_2_letter_spacing=&#8221;3px&#8221; header_2_line_height=&#8221;1.5em&#8221; text_orientation=&#8221;center&#8221; module_alignment=&#8221;center&#8221; locked=&#8221;off&#8221; global_colors_info=&#8221;{}&#8221;]<\/p>\n<h1 style=\"text-align: center;\">INNE TYPY POKOI<\/h1>\n<h2 style=\"text-align: center;\">David Wellness Hotel<\/h2>\n<p>[\/et_pb_text][\/et_pb_column][\/et_pb_row][et_pb_row column_structure=&#8221;1_3,1_3,1_3&#8243; _builder_version=&#8221;4.13.1&#8243; locked=&#8221;off&#8221; global_colors_info=&#8221;{}&#8221;][et_pb_column type=&#8221;1_3&#8243; _builder_version=&#8221;3.25&#8243; custom_padding=&#8221;|||&#8221; global_colors_info=&#8221;{}&#8221; custom_padding__hover=&#8221;|||&#8221;][et_pb_cta title=&#8221;Pok\u00f3j 3+2&#8243; button_url=&#8221;https:\/\/www.davidhotel.cz\/pl\/pokoj-32\/&#8221; button_text=&#8221;Detail&#8221; _builder_version=&#8221;4.13.1&#8243; header_font=&#8221;Futura|300||on|||||&#8221; header_font_size=&#8221;25px&#8221; header_letter_spacing=&#8221;1px&#8221; header_line_height=&#8221;1.5em&#8221; background_enable_color=&#8221;off&#8221; use_background_color_gradient=&#8221;on&#8221; background_color_gradient_start=&#8221;rgba(0,0,0,0.44)&#8221; background_color_gradient_end=&#8221;rgba(56,37,12,0.24)&#8221; background_color_gradient_overlays_image=&#8221;on&#8221; background_image=&#8221;https:\/\/www.davidhotel.cz\/wp-content\/uploads\/2022\/11\/32-3.jpg&#8221; custom_button=&#8221;on&#8221; button_text_size=&#8221;15px&#8221; button_text_color=&#8221;#FFFFFF&#8221; button_bg_color_gradient_start=&#8221;rgba(255,255,255,0)&#8221; button_bg_color_gradient_end=&#8221;rgba(255,255,255,0.28)&#8221; button_bg_color_gradient_direction=&#8221;190deg&#8221; button_border_width=&#8221;2px&#8221; button_border_radius=&#8221;0px&#8221; button_letter_spacing=&#8221;5px&#8221; button_font=&#8221;Open Sans|700||on|||||&#8221; button_use_icon=&#8221;off&#8221; button_custom_padding=&#8221;4%||4%||true|false&#8221; custom_margin=&#8221;||||false|false&#8221; custom_margin_tablet=&#8221;|||0px&#8221; custom_margin_phone=&#8221;&#8221; custom_margin_last_edited=&#8221;on|desktop&#8221; custom_padding=&#8221;100px||100px||true|false&#8221; custom_padding_tablet=&#8221;60px||60px||true&#8221; custom_padding_phone=&#8221;&#8221; custom_padding_last_edited=&#8221;on|desktop&#8221; link_option_url=&#8221;https:\/\/www.davidhotel.cz\/pl\/pokoj-32\/&#8221; box_shadow_style=&#8221;preset3&#8243; box_shadow_vertical=&#8221;26px&#8221; box_shadow_blur=&#8221;80px&#8221; box_shadow_spread=&#8221;-10px&#8221; box_shadow_color=&#8221;rgba(0,0,0,0.4)&#8221; locked=&#8221;off&#8221; global_colors_info=&#8221;{}&#8221; button_text_color__hover=&#8221;#0f87ff&#8221; background_color__hover=&#8221;#3d9eff&#8221; background__hover_enabled=&#8221;on&#8221;][\/et_pb_cta][\/et_pb_column][et_pb_column type=&#8221;1_3&#8243; _builder_version=&#8221;4.13.1&#8243; _module_preset=&#8221;default&#8221; custom_padding=&#8221;||||false|false&#8221; global_colors_info=&#8221;{}&#8221;][et_pb_cta title=&#8221;Pok\u00f3j 2+1&#8243; button_url=&#8221;https:\/\/www.davidhotel.cz\/pl\/pokoj-21\/&#8221; button_text=&#8221;Detail&#8221; _builder_version=&#8221;4.13.1&#8243; header_font=&#8221;Futura|300||on|||||&#8221; header_font_size=&#8221;25px&#8221; header_letter_spacing=&#8221;1px&#8221; header_line_height=&#8221;1.5em&#8221; background_enable_color=&#8221;off&#8221; use_background_color_gradient=&#8221;on&#8221; background_color_gradient_start=&#8221;rgba(0,0,0,0.44)&#8221; background_color_gradient_end=&#8221;rgba(56,37,12,0.24)&#8221; background_color_gradient_overlays_image=&#8221;on&#8221; background_image=&#8221;https:\/\/www.davidhotel.cz\/wp-content\/uploads\/2022\/11\/21-1.jpg&#8221; custom_button=&#8221;on&#8221; button_text_size=&#8221;15px&#8221; button_text_color=&#8221;#FFFFFF&#8221; button_bg_color_gradient_start=&#8221;rgba(255,255,255,0)&#8221; button_bg_color_gradient_end=&#8221;rgba(255,255,255,0.28)&#8221; button_bg_color_gradient_direction=&#8221;190deg&#8221; button_border_width=&#8221;2px&#8221; button_border_radius=&#8221;0px&#8221; button_letter_spacing=&#8221;5px&#8221; button_font=&#8221;Open Sans|700||on|||||&#8221; button_use_icon=&#8221;off&#8221; button_custom_padding=&#8221;4%||4%||true|false&#8221; custom_margin=&#8221;||||false|false&#8221; custom_margin_tablet=&#8221;|||0px&#8221; custom_margin_phone=&#8221;&#8221; custom_margin_last_edited=&#8221;on|desktop&#8221; custom_padding=&#8221;100px||100px||true|false&#8221; custom_padding_tablet=&#8221;60px||60px||true&#8221; custom_padding_phone=&#8221;&#8221; custom_padding_last_edited=&#8221;on|desktop&#8221; link_option_url=&#8221;https:\/\/www.davidhotel.cz\/pl\/pokoj-21\/&#8221; box_shadow_style=&#8221;preset3&#8243; box_shadow_vertical=&#8221;26px&#8221; box_shadow_blur=&#8221;80px&#8221; box_shadow_spread=&#8221;-10px&#8221; box_shadow_color=&#8221;rgba(0,0,0,0.4)&#8221; locked=&#8221;off&#8221; global_colors_info=&#8221;{}&#8221; button_text_color__hover=&#8221;#0f87ff&#8221; background_color__hover=&#8221;#3d9eff&#8221; background__hover_enabled=&#8221;on&#8221;][\/et_pb_cta][\/et_pb_column][et_pb_column type=&#8221;1_3&#8243; _builder_version=&#8221;4.13.1&#8243; _module_preset=&#8221;default&#8221; custom_padding=&#8221;||||false|false&#8221; global_colors_info=&#8221;{}&#8221;][et_pb_cta title=&#8221;Pok\u00f3j typu C&#8221; button_url=&#8221;https:\/\/www.davidhotel.cz\/pl\/pokoj-typu-c\/&#8221; button_text=&#8221;Detail&#8221; _builder_version=&#8221;4.13.1&#8243; header_font=&#8221;Futura|300||on|||||&#8221; header_font_size=&#8221;25px&#8221; header_letter_spacing=&#8221;1px&#8221; header_line_height=&#8221;1.5em&#8221; background_enable_color=&#8221;off&#8221; use_background_color_gradient=&#8221;on&#8221; background_color_gradient_start=&#8221;rgba(0,0,0,0.44)&#8221; background_color_gradient_end=&#8221;rgba(56,37,12,0.24)&#8221; background_color_gradient_overlays_image=&#8221;on&#8221; background_image=&#8221;https:\/\/www.davidhotel.cz\/wp-content\/uploads\/2022\/11\/C1.jpg&#8221; custom_button=&#8221;on&#8221; button_text_size=&#8221;15px&#8221; button_text_color=&#8221;#FFFFFF&#8221; button_bg_color_gradient_start=&#8221;rgba(255,255,255,0)&#8221; button_bg_color_gradient_end=&#8221;rgba(255,255,255,0.28)&#8221; button_bg_color_gradient_direction=&#8221;190deg&#8221; button_border_width=&#8221;2px&#8221; button_border_radius=&#8221;0px&#8221; button_letter_spacing=&#8221;5px&#8221; button_font=&#8221;Open Sans|700||on|||||&#8221; button_use_icon=&#8221;off&#8221; button_custom_padding=&#8221;4%||4%||true|false&#8221; custom_margin=&#8221;||||false|false&#8221; custom_margin_tablet=&#8221;|||0px&#8221; custom_margin_phone=&#8221;&#8221; custom_margin_last_edited=&#8221;on|desktop&#8221; custom_padding=&#8221;100px||100px||true|false&#8221; custom_padding_tablet=&#8221;60px||60px||true&#8221; custom_padding_phone=&#8221;&#8221; custom_padding_last_edited=&#8221;on|desktop&#8221; link_option_url=&#8221;https:\/\/www.davidhotel.cz\/pl\/pokoj-typu-c\/&#8221; box_shadow_style=&#8221;preset3&#8243; box_shadow_vertical=&#8221;26px&#8221; box_shadow_blur=&#8221;80px&#8221; box_shadow_spread=&#8221;-10px&#8221; box_shadow_color=&#8221;rgba(0,0,0,0.4)&#8221; locked=&#8221;off&#8221; global_colors_info=&#8221;{}&#8221; button_text_color__hover=&#8221;#0f87ff&#8221; background_color__hover=&#8221;#3d9eff&#8221; background__hover_enabled=&#8221;on&#8221;][\/et_pb_cta][\/et_pb_column][\/et_pb_row][\/et_pb_section]<\/p>\n","protected":false},"excerpt":{"rendered":"<p>Pok\u00f3j 2+2 (2 \u0142\u00f3\u017cka + 2 dostawki) \u0141\u0105cznie mamy 5 pokoi tego typu W\u0142asna \u0142azienkaSejfWi-FiBalkonTelewizja satelitarnaINNE TYPY POKOI David Wellness Hotel<\/p>\n","protected":false},"author":1,"featured_media":0,"parent":0,"menu_order":0,"comment_status":"closed","ping_status":"closed","template":"","meta":{"_et_pb_use_builder":"on","_et_pb_old_content":"","_et_gb_content_width":""},"_links":{"self":[{"href":"https:\/\/www.davidhotel.cz\/pl\/wp-json\/wp\/v2\/pages\/1879"}],"collection":[{"href":"https:\/\/www.davidhotel.cz\/pl\/wp-json\/wp\/v2\/pages"}],"about":[{"href":"https:\/\/www.davidhotel.cz\/pl\/wp-json\/wp\/v2\/types\/page"}],"author":[{"embeddable":true,"href":"https:\/\/www.davidhotel.cz\/pl\/wp-json\/wp\/v2\/users\/1"}],"replies":[{"embeddable":true,"href":"https:\/\/www.davidhotel.cz\/pl\/wp-json\/wp\/v2\/comments?post=1879"}],"version-history":[{"count":5,"href":"https:\/\/www.davidhotel.cz\/pl\/wp-json\/wp\/v2\/pages\/1879\/revisions"}],"predecessor-version":[{"id":2492,"href":"https:\/\/www.davidhotel.cz\/pl\/wp-json\/wp\/v2\/pages\/1879\/revisions\/2492"}],"wp:attachment":[{"href":"https:\/\/www.davidhotel.cz\/pl\/wp-json\/wp\/v2\/media?parent=1879"}],"curies":[{"name":"wp","href":"https:\/\/api.w.org\/{rel}","templated":true}]}}